{"id":2853,"date":"2026-02-05T11:43:24","date_gmt":"2026-02-05T11:43:24","guid":{"rendered":"https:\/\/elenasotres.eu\/?page_id=2853"},"modified":"2026-02-25T13:01:01","modified_gmt":"2026-02-25T13:01:01","slug":"aviso-legal","status":"publish","type":"page","link":"https:\/\/elenasotres.eu\/es\/aviso-legal\/","title":{"rendered":"Aviso legal"},"content":{"rendered":"\t\t<div data-elementor-type=\"wp-page\" data-elementor-id=\"2853\" class=\"elementor elementor-2853 elementor-2826\" data-elementor-post-type=\"page\">\n\t\t\t\t\t\t<section class=\"elementor-section elementor-top-section elementor-element elementor-element-5df79a4 elementor-section-height-min-height elementor-section-boxed elementor-section-height-default elementor-section-items-middle\" data-id=\"5df79a4\" data-element_type=\"section\" data-e-type=\"section\" data-settings=\"{&quot;background_background&quot;:&quot;gradient&quot;,&quot;shape_divider_bottom&quot;:&quot;waves&quot;}\">\n\t\t\t\t\t\t\t<div class=\"elementor-background-overlay\"><\/div>\n\t\t\t\t\t\t<div class=\"elementor-shape elementor-shape-bottom\" aria-hidden=\"true\" data-negative=\"false\">\n\t\t\t<svg xmlns=\"http:\/\/www.w3.org\/2000\/svg\" viewBox=\"0 0 1000 100\" preserveAspectRatio=\"none\">\n\t<path class=\"elementor-shape-fill\" d=\"M421.9,6.5c22.6-2.5,51.5,0.4,75.5,5.3c23.6,4.9,70.9,23.5,100.5,35.7c75.8,32.2,133.7,44.5,192.6,49.7\n\tc23.6,2.1,48.7,3.5,103.4-2.5c54.7-6,106.2-25.6,106.2-25.6V0H0v30.3c0,0,72,32.6,158.4,30.5c39.2-0.7,92.8-6.7,134-22.4\n\tc21.2-8.1,52.2-18.2,79.7-24.2C399.3,7.9,411.6,7.5,421.9,6.5z\"\/>\n<\/svg>\t\t<\/div>\n\t\t\t\t\t<div class=\"elementor-container elementor-column-gap-default\">\n\t\t\t\t\t<div class=\"elementor-column elementor-col-100 elementor-top-column elementor-element elementor-element-1f6b3d56\" data-id=\"1f6b3d56\" data-element_type=\"column\" data-e-type=\"column\">\n\t\t\t<div class=\"elementor-widget-wrap elementor-element-populated\">\n\t\t\t\t\t\t<div class=\"elementor-element elementor-element-21dd8642 elementor-widget elementor-widget-heading\" data-id=\"21dd8642\" data-element_type=\"widget\" data-e-type=\"widget\" data-widget_type=\"heading.default\">\n\t\t\t\t<div class=\"elementor-widget-container\">\n\t\t\t\t\t<h1 class=\"elementor-heading-title elementor-size-default\">Aviso legal<\/h1>\t\t\t\t<\/div>\n\t\t\t\t<\/div>\n\t\t\t\t\t<\/div>\n\t\t<\/div>\n\t\t\t\t\t<\/div>\n\t\t<\/section>\n\t\t\t\t<section class=\"elementor-section elementor-top-section elementor-element elementor-element-1c9c0b8d elementor-section-boxed elementor-section-height-default elementor-section-height-default\" data-id=\"1c9c0b8d\" data-element_type=\"section\" data-e-type=\"section\">\n\t\t\t\t\t\t<div class=\"elementor-container elementor-column-gap-default\">\n\t\t\t\t\t<div class=\"elementor-column elementor-col-100 elementor-top-column elementor-element elementor-element-1351de1d\" data-id=\"1351de1d\" data-element_type=\"column\" data-e-type=\"column\">\n\t\t\t<div class=\"elementor-widget-wrap elementor-element-populated\">\n\t\t\t\t\t\t<div class=\"elementor-element elementor-element-3c6e7cef elementor-widget elementor-widget-text-editor\" data-id=\"3c6e7cef\" data-element_type=\"widget\" data-e-type=\"widget\" data-widget_type=\"text-editor.default\">\n\t\t\t\t<div class=\"elementor-widget-container\">\n\t\t\t\t\t\t\t\t\t<p><strong>Aviso legal\u00a0<\/strong><\/p><p><strong>Datos de conformidad con el art. 5 de la TMG (Ley alemana de servicios de telecomunicaci\u00f3n)<\/strong><\/p><p><strong>\u00a0<\/strong><\/p><p><strong>Sotres Asesoramiento Jur\u00eddico-Ling\u00fc\u00edstico, <\/strong>Inh. Elena Sotres Zapatero<\/p><p><strong>\u00a0<\/strong><\/p><p><strong>Contacto<\/strong><\/p><p>Telefon: +49 1579 245 3731<br \/>E-Mail: <a href=\"mailto:esotres@elenasotres.eu\">esotres@elenasotres.eu<\/a><\/p><p><u>Postanschrift Kanzlei: <\/u><\/p><p>Harnackstr. 12, 10365 Berlin<\/p><p>Kanzlei im Ausland. Zustellungsbevollm\u00e4chtigte laut \u00a730 Abs. 1 BRAO: Berta Blanco,<\/p><p><u>Postanschrift \u00dcbersetzungsb\u00fcro: <\/u><\/p><p>Kurstr. 36 10117 (AA Botschaft Mexiko)<\/p><p><strong>\u00a0<\/strong><\/p><p><strong>N.\u00ba de identificaci\u00f3n fiscal a efectos del IVA:<\/strong><\/p><p>N\u00famero de identificaci\u00f3n fiscal a efectos del IVA de conformidad con el art. 27, letra a del Umsatzsteuergesetz<\/p><p>DE324074927<\/p><p><strong>Responsable del contenido de acuerdo con art. 55, apartado 2 del RStV <\/strong><\/p><p>Kanzlei Sotres Zapatero<\/p><p>c\/o Blanco<\/p><p>Harnackstr. 12, 10365 Berlin<\/p><p>Kanzlei im Ausland. Zustellungsbevollm\u00e4chtigte laut \u00a730 Abs. 1 BRAO<\/p><p><strong>Cobertura del seguro de responsabilidad civil<\/strong><\/p><p>Seguro de responsabilidad civil profesional como <strong>abogada (ejercicio individual)<\/strong> contratado con: Markel Insurance SE, Sophienstrasse 26, 80333 M\u00fanich.<br \/>\u00c1mbito de cobertura del seguro: responsabilidad civil por da\u00f1os patrimoniales.<\/p><p>Seguro de responsabilidad civil profesional como <strong>mediadora ling\u00fc\u00edstica (traductora e int\u00e9rprete)<\/strong> contratado con: Element Insurance AG, Saarbr\u00fccker Str. 37 A, 10405 Berl\u00edn.<br \/>\u00c1mbito de cobertura del seguro: responsabilidad civil por da\u00f1os patrimoniales, responsabilidad civil de explotaci\u00f3n, responsabilidad civil medioambiental y seguro de da\u00f1os medioambientales.<\/p><p><strong>Cl\u00e1usula de exenci\u00f3n de responsabilidad <\/strong><\/p><p><strong>Responsabilidad con respecto a los contenidos<\/strong><\/p><p>Como proveedora de servicios, seg\u00fan el art\u00edculo 7, p\u00e1rrafo 1 de la TMG (Ley alemana de servicios de telecomunicaci\u00f3n), soy responsable de mis propios contenidos de esta p\u00e1gina web seg\u00fan la legislaci\u00f3n general. Seg\u00fan los art\u00edculos 8-10 de la TMG, como proveedora de servicios, no estoy obligada a supervisar informaci\u00f3n ajena transmitida o guardada o a investigar la existencia de circunstancias que indiquen una actividad ileg\u00edtima.<\/p><p>Las obligaciones de eliminar o bloquear el uso de la informaci\u00f3n de conformidad con la legislaci\u00f3n general permanecen inalteradas. No obstante, en el momento en que se es consciente de que ha habido un incumplimiento de la legislaci\u00f3n, se podr\u00e1 asumir una responsabilidad al respecto. En cuanto sea consciente de que se incumple la legislaci\u00f3n, eliminar\u00e9 los contenidos correspondientes de inmediato.<\/p><p><strong>Responsabilidad con respecto a los enlaces<\/strong><\/p><p>Mi p\u00e1gina web contiene enlaces a p\u00e1ginas web externas de terceros en cuyos contenidos no tengo ninguna influencia. Por lo tanto, no puedo asumir ninguna responsabilidad con respecto a esos contenidos. El responsable del contenido de las p\u00e1ginas enlazadas siempre es el correspondiente proveedor u operador de la p\u00e1gina web. En el momento de enlazar las p\u00e1ginas enlazadas, se comprob\u00f3 que no incumplieran la legislaci\u00f3n y no se detect\u00f3 ning\u00fan contenido ilegal. Sin embargo, no se me puede exigir un control permanente de los contenidos de las p\u00e1ginas enlazadas sin que medien indicios concretos de incumplimiento de la legislaci\u00f3n. En cuanto sea consciente de que se incumple la legislaci\u00f3n, eliminar\u00e9 los enlaces correspondientes de inmediato.<\/p><p><strong>Propiedad intelectual<\/strong><\/p><p>Los contenidos y obras creados por el operador de la p\u00e1gina web est\u00e1n sometidos al derecho de la propiedad intelectual. La reproducci\u00f3n, edici\u00f3n, difusi\u00f3n y cualquier tipo de utilizaci\u00f3n fuera de los l\u00edmites del derecho de la propiedad intelectual requieren el acuerdo por escrito del autor o creador correspondiente. Las descargas y copias de esta p\u00e1gina se permiten \u00fanicamente para el uso privado y no comercial. Si existen contenidos en esta p\u00e1gina que no hayan sido creados por el operador, se respetar\u00e1n los derechos de propiedad intelectual de terceros. En particular, los contenidos que pertenecen a terceros se identifican como tal. Si, a pesar de esto, detectase un incumplimiento del derecho de la propiedad intelectual, p\u00f3ngase en contacto conmigo. En cuanto sea consciente de que se incumple la legislaci\u00f3n, eliminar\u00e9 los contenidos correspondientes de inmediato.<\/p><p><strong>Dise\u00f1o web y SEO \/ GEO<\/strong><br \/><a href=\"http:\/\/www.linkedin.com\/in\/seosemberlin\" target=\"_blank\" rel=\"nofollow noopener noreferrer\">Contacto e informaci\u00f3n via linkedIn<\/a><\/p><p><strong>Responsable de los contenidos editoriales:<\/strong><br \/>Elena Sotres Zapatero<\/p><p>Fuente: eRecht24 (adaptado)<\/p>\t\t\t\t\t\t\t\t<\/div>\n\t\t\t\t<\/div>\n\t\t\t\t\t<\/div>\n\t\t<\/div>\n\t\t\t\t\t<\/div>\n\t\t<\/section>\n\t\t\t\t<\/div>\n\t\t","protected":false},"excerpt":{"rendered":"<p>Aviso legal Aviso legal\u00a0 Datos de conformidad con el art. 5 de la TMG (Ley alemana de servicios de telecomunicaci\u00f3n) \u00a0 Sotres Asesoramiento Jur\u00eddico-Ling\u00fc\u00edstico, Inh. Elena Sotres Zapatero \u00a0 Contacto Telefon: +49 1579 245 3731E-Mail: esotres@elenasotres.eu Postanschrift Kanzlei: Harnackstr. 12, 10365 Berlin Kanzlei im Ausland. Zustellungsbevollm\u00e4chtigte laut \u00a730 Abs. 1 BRAO: Berta Blanco, Postanschrift \u00dcbersetzungsb\u00fcro: [&hellip;]<\/p>\n","protected":false},"author":1,"featured_media":0,"parent":0,"menu_order":0,"comment_status":"closed","ping_status":"closed","template":"elementor_header_footer","meta":{"footnotes":""},"class_list":["post-2853","page","type-page","status-publish","hentry"],"_links":{"self":[{"href":"https:\/\/elenasotres.eu\/es\/wp-json\/wp\/v2\/pages\/2853","targetHints":{"allow":["GET"]}}],"collection":[{"href":"https:\/\/elenasotres.eu\/es\/wp-json\/wp\/v2\/pages"}],"about":[{"href":"https:\/\/elenasotres.eu\/es\/wp-json\/wp\/v2\/types\/page"}],"author":[{"embeddable":true,"href":"https:\/\/elenasotres.eu\/es\/wp-json\/wp\/v2\/users\/1"}],"replies":[{"embeddable":true,"href":"https:\/\/elenasotres.eu\/es\/wp-json\/wp\/v2\/comments?post=2853"}],"version-history":[{"count":13,"href":"https:\/\/elenasotres.eu\/es\/wp-json\/wp\/v2\/pages\/2853\/revisions"}],"predecessor-version":[{"id":3321,"href":"https:\/\/elenasotres.eu\/es\/wp-json\/wp\/v2\/pages\/2853\/revisions\/3321"}],"wp:attachment":[{"href":"https:\/\/elenasotres.eu\/es\/wp-json\/wp\/v2\/media?parent=2853"}],"curies":[{"name":"wp","href":"https:\/\/api.w.org\/{rel}","templated":true}]}}