{"id":2858,"date":"2026-02-05T11:52:59","date_gmt":"2026-02-05T11:52:59","guid":{"rendered":"https:\/\/elenasotres.eu\/?page_id=2858"},"modified":"2026-02-25T13:07:24","modified_gmt":"2026-02-25T13:07:24","slug":"datos-legales","status":"publish","type":"page","link":"https:\/\/elenasotres.eu\/es\/datos-legales\/","title":{"rendered":"Datos legales"},"content":{"rendered":"\t\t<div data-elementor-type=\"wp-page\" data-elementor-id=\"2858\" class=\"elementor elementor-2858 elementor-2849\" data-elementor-post-type=\"page\">\n\t\t\t\t\t\t<section class=\"elementor-section elementor-top-section elementor-element elementor-element-6aa55e23 elementor-section-height-min-height elementor-section-boxed elementor-section-height-default elementor-section-items-middle\" data-id=\"6aa55e23\" data-element_type=\"section\" data-e-type=\"section\" data-settings=\"{&quot;background_background&quot;:&quot;gradient&quot;,&quot;shape_divider_bottom&quot;:&quot;waves&quot;}\">\n\t\t\t\t\t\t\t<div class=\"elementor-background-overlay\"><\/div>\n\t\t\t\t\t\t<div class=\"elementor-shape elementor-shape-bottom\" aria-hidden=\"true\" data-negative=\"false\">\n\t\t\t<svg xmlns=\"http:\/\/www.w3.org\/2000\/svg\" viewBox=\"0 0 1000 100\" preserveAspectRatio=\"none\">\n\t<path class=\"elementor-shape-fill\" d=\"M421.9,6.5c22.6-2.5,51.5,0.4,75.5,5.3c23.6,4.9,70.9,23.5,100.5,35.7c75.8,32.2,133.7,44.5,192.6,49.7\n\tc23.6,2.1,48.7,3.5,103.4-2.5c54.7-6,106.2-25.6,106.2-25.6V0H0v30.3c0,0,72,32.6,158.4,30.5c39.2-0.7,92.8-6.7,134-22.4\n\tc21.2-8.1,52.2-18.2,79.7-24.2C399.3,7.9,411.6,7.5,421.9,6.5z\"\/>\n<\/svg>\t\t<\/div>\n\t\t\t\t\t<div class=\"elementor-container elementor-column-gap-default\">\n\t\t\t\t\t<div class=\"elementor-column elementor-col-100 elementor-top-column elementor-element elementor-element-7ad5ae90\" data-id=\"7ad5ae90\" data-element_type=\"column\" data-e-type=\"column\">\n\t\t\t<div class=\"elementor-widget-wrap elementor-element-populated\">\n\t\t\t\t\t\t<div class=\"elementor-element elementor-element-2cbce30b elementor-widget elementor-widget-heading\" data-id=\"2cbce30b\" data-element_type=\"widget\" data-e-type=\"widget\" data-widget_type=\"heading.default\">\n\t\t\t\t<div class=\"elementor-widget-container\">\n\t\t\t\t\t<h1 class=\"elementor-heading-title elementor-size-default\">Protecci\u00f3n de Datos<\/h1>\t\t\t\t<\/div>\n\t\t\t\t<\/div>\n\t\t\t\t\t<\/div>\n\t\t<\/div>\n\t\t\t\t\t<\/div>\n\t\t<\/section>\n\t\t\t\t<section class=\"elementor-section elementor-top-section elementor-element elementor-element-5cc447d4 elementor-section-boxed elementor-section-height-default elementor-section-height-default\" data-id=\"5cc447d4\" data-element_type=\"section\" data-e-type=\"section\">\n\t\t\t\t\t\t<div class=\"elementor-container elementor-column-gap-default\">\n\t\t\t\t\t<div class=\"elementor-column elementor-col-100 elementor-top-column elementor-element elementor-element-7e6f4a2e\" data-id=\"7e6f4a2e\" data-element_type=\"column\" data-e-type=\"column\">\n\t\t\t<div class=\"elementor-widget-wrap elementor-element-populated\">\n\t\t\t\t\t\t<div class=\"elementor-element elementor-element-3193de9 elementor-widget elementor-widget-text-editor\" data-id=\"3193de9\" data-element_type=\"widget\" data-e-type=\"widget\" data-widget_type=\"text-editor.default\">\n\t\t\t\t<div class=\"elementor-widget-container\">\n\t\t\t\t\t\t\t\t\t<section id=\"terms-conditions\" class=\"wrapper pt-16\"><div class=\"card\"><div class=\"card-body p-10\"><h2 class=\"mb-3\">1. Protecci\u00f3n de datos<\/h2><p>Informaci\u00f3n general<br \/>Los siguientes avisos ofrecen una visi\u00f3n sencilla de lo que ocurre con sus datos personales cuando visita este sitio web. Los datos personales son aquellos que permiten identificarle personalmente. Si desea informaci\u00f3n m\u00e1s detallada sobre la protecci\u00f3n de datos, consulte mi pol\u00edtica de privacidad que figura debajo de este texto.<br \/><br \/>Recogida de datos en este sitio web<br \/>\u00bfQui\u00e9n es responsable de la recogida de datos en este sitio web?<br \/>El tratamiento de datos en este sitio web corre a cargo del operador del mismo. Encontrar\u00e1 sus datos de contacto en el pie de imprenta de este sitio web.<br \/><br \/>\u00bfC\u00f3mo recojo sus datos?<br \/>Por un lado, sus datos se recogen cuando usted me los facilita. Puede tratarse, por ejemplo, de los datos que introduzca en un formulario de contacto. Otros datos son recogidos autom\u00e1ticamente o con su consentimiento por mi sistema inform\u00e1tico cuando usted visita el sitio web. Se trata principalmente de datos t\u00e9cnicos (por ejemplo, navegador de Internet, sistema operativo o tiempo de visualizaci\u00f3n de la p\u00e1gina). Estos datos se recogen autom\u00e1ticamente en cuanto usted entra en este sitio web.<br \/><br \/>\u00bfPara qu\u00e9 uso sus datos?<br \/>Algunos de los datos se recogen para garantizar un funcionamiento sin errores del sitio web. Otros datos pueden utilizarse para analizar su comportamiento como usuario.<br \/><br \/>\u00bfQu\u00e9 derechos tiene en relaci\u00f3n con sus datos?<br \/>Tiene derecho a recibir en cualquier momento informaci\u00f3n gratuita sobre el origen, el destinatario y la finalidad de sus datos personales almacenados. Tambi\u00e9n tiene derecho a solicitar la rectificaci\u00f3n o supresi\u00f3n de estos datos. Si ha dado su consentimiento al tratamiento de datos, puede revocarlo en cualquier momento para el futuro. Tambi\u00e9n tiene derecho a solicitar la limitaci\u00f3n del tratamiento de sus datos personales en determinadas circunstancias.<br \/><br \/>Adem\u00e1s, tiene derecho a presentar una reclamaci\u00f3n ante la autoridad de control competente.<br \/><br \/>Para ello, as\u00ed como para cualquier otra cuesti\u00f3n relativa a la protecci\u00f3n de datos, puede ponerse en contacto conmigo en cualquier momento en la direcci\u00f3n indicada en el pie de imprenta.<br \/><br \/>Herramientas de an\u00e1lisis y de terceros<br \/>Al visitar este sitio web, su comportamiento de navegaci\u00f3n puede ser analizado estad\u00edsticamente. Esto se hace principalmente con los llamados programas de an\u00e1lisis. Encontrar\u00e1 informaci\u00f3n detallada sobre estos programas de an\u00e1lisis en la siguiente declaraci\u00f3n de protecci\u00f3n de datos.<br \/><br \/><\/p><\/div><\/div><\/section><section id=\"privacy-policy\" class=\"wrapper pt-16\"><div class=\"card\"><div class=\"card-body p-10\"><h2 class=\"mb-3\">2. Alojamiento y redes de distribuci\u00f3n de contenidos (CDN)<\/h2><p>Alojamiento externo<br \/>Este sitio web est\u00e1 alojado por un proveedor de servicios externo (hoster). Los datos personales recogidos en este sitio web se almacenan en los servidores del hoster. Esto puede incluir, entre otros, direcciones IP, solicitudes de contacto, metadatos y datos de comunicaci\u00f3n, datos contractuales, datos de contacto, nombres, accesos al sitio web y otros datos generados a trav\u00e9s de un sitio web.<br \/><br \/>El hoster se utiliza con el fin de cumplir el contrato con mis clientes potenciales y existentes (Art. 6 p\u00e1rr. 1 lit. b DSGVO) y en inter\u00e9s de una provisi\u00f3n segura, r\u00e1pida y eficiente de mi oferta en l\u00ednea por un proveedor profesional (Art. 6 p\u00e1rr. 1 lit. f DSGVO).<br \/><br \/>Mi hoster s\u00f3lo procesar\u00e1 sus datos en la medida en que sea necesario para el cumplimiento de sus obligaciones de servicio y seguir\u00e1 mis instrucciones con respecto a estos datos.<br \/><br \/>Celebraci\u00f3n de un contrato de encargo de tratamiento<br \/>Con el fin de garantizar un tratamiento de datos conforme a la protecci\u00f3n de datos, he celebrado un contrato de tratamiento de pedidos con mi hoster.<\/p><\/div><\/div><\/section><section id=\"user-policy\" class=\"wrapper pt-16\"><div class=\"card\"><div class=\"card-body p-10\"><h2 class=\"mb-3\">3. Informaci\u00f3n general e informaci\u00f3n obligatoria<\/h2><p>Protecci\u00f3n de datos<br \/>Los operadores de estas p\u00e1ginas se toman muy en serio la protecci\u00f3n de sus datos personales. Trato sus datos personales de forma confidencial y de conformidad con las disposiciones legales sobre protecci\u00f3n de datos y la presente declaraci\u00f3n de protecci\u00f3n de datos.<br \/><br \/>Cuando usted utiliza este sitio web, se recogen diversos datos personales.<br \/><br \/>Los datos personales son aquellos que permiten identificarle personalmente. Esta declaraci\u00f3n de privacidad explica qu\u00e9 informaci\u00f3n recojo y c\u00f3mo la utilizo. Tambi\u00e9n explica c\u00f3mo y para qu\u00e9 se hace.<br \/><br \/>Me gustar\u00eda se\u00f1alar que la transmisi\u00f3n de datos en Internet (por ejemplo, cuando se comunica por correo electr\u00f3nico) puede tener lagunas de seguridad. No es posible proteger completamente los datos contra el acceso de terceros.<br \/><br \/>Nota sobre la oficina responsable<br \/>El responsable del tratamiento de datos en este sitio web es:<br \/><br \/>Elena Sotres Zapatero<br \/>Sotres Traducciones I Traducciones<br \/>Ferdinandstra\u00dfe 2, 12209 Berl\u00edn, Alemania<br \/>Tel\u00e9fono: 01579 245 3731<br \/>Correo electr\u00f3nico: info(icon)elenasotres.eu<br \/><br \/>El responsable del tratamiento es la persona f\u00edsica o jur\u00eddica que, sola o conjuntamente con otras, determina los fines y medios del tratamiento de datos personales (por ejemplo, nombres, direcciones de correo electr\u00f3nico, etc.).<br \/><br \/>Retirada de su consentimiento para el tratamiento de datos<br \/>Muchas operaciones de tratamiento de datos s\u00f3lo son posibles con su consentimiento expreso. Puede revocar el consentimiento que ya ha dado en cualquier momento. La legalidad del tratamiento de datos efectuado hasta la revocaci\u00f3n no se ver\u00e1 afectada por \u00e9sta.<br \/><br \/>Derecho a oponerse a la recogida de datos en casos especiales y a la publicidad directa (art. 21 DSGVO)<br \/><br \/>Si el tratamiento de datos se basa en el art. 6 (1) e o f DSGVO, usted tiene derecho a oponerse al tratamiento de sus datos personales en cualquier momento por razones derivadas de su situaci\u00f3n particular; esto tambi\u00e9n se aplica a la elaboraci\u00f3n de perfiles basados en estas disposiciones la base jur\u00eddica respectiva en la que se basa el tratamiento se puede encontrar en esta pol\u00edtica de privacidad. Si se opone, dejar\u00e9 de procesar sus datos personales a menos que pueda demostrar motivos leg\u00edtimos imperiosos para el procesamiento que prevalezcan sobre sus intereses, derechos y libertades, o el procesamiento sirva para hacer valer, ejercer o defender reclamaciones legales (objeci\u00f3n en virtud del art\u00edculo 21, apartado 1, del GDPR).<br \/><br \/>Si sus datos personales se tratan con fines de mercadotecnia directa, tienen derecho a oponerse en cualquier momento al tratamiento de los datos personales que les conciernan con fines de dicha mercadotecnia; esto tambi\u00e9n se aplica a la elaboraci\u00f3n de perfiles en la medida en que est\u00e9 relacionada con dicha mercadotecnia directa. si se oponen, sus datos personales dejar\u00e1n de utilizarse posteriormente con fines de mercadotecnia directa (oposici\u00f3n en virtud del art\u00edculo 21, apartado 2, del DSGVO).<br \/><br \/>Derecho de reclamaci\u00f3n ante la autoridad de control competente<br \/>En caso de infracci\u00f3n del RGPD, los interesados tienen derecho a presentar una reclamaci\u00f3n ante una autoridad de control, en particular en el Estado miembro de su residencia habitual, su lugar de trabajo o el lugar de la presunta infracci\u00f3n. El derecho de recurso se entiende sin perjuicio de cualquier otro recurso administrativo o judicial.<br \/><br \/>Derecho a la portabilidad de los datos<br \/>Tiene derecho a que los datos que trato autom\u00e1ticamente sobre la base de su consentimiento o en ejecuci\u00f3n de un contrato se le entreguen a usted o a un tercero en un formato com\u00fan legible por m\u00e1quina. Si solicita la transferencia directa de los datos a otro responsable, s\u00f3lo se har\u00e1 en la medida en que sea t\u00e9cnicamente factible.<br \/><br \/>Cifrado SSL o TLS<br \/>Por razones de seguridad y para proteger la transmisi\u00f3n de contenido confidencial, como pedidos o consultas que nos env\u00ede como operador del sitio, este sitio utiliza cifrado SSL o TLS.<br \/><br \/>Puede reconocer una conexi\u00f3n cifrada por el hecho de que la l\u00ednea de direcci\u00f3n del navegador cambia de &#8220;http:\/\/&#8221; a &#8220;https:\/\/&#8221; y por el s\u00edmbolo del candado en la l\u00ednea de su navegador.<br \/><br \/>Si el cifrado SSL o TLS est\u00e1 activado, los datos que nos transmita no podr\u00e1n ser le\u00eddos por terceros.<br \/><br \/>Informaci\u00f3n, supresi\u00f3n y rectificaci\u00f3n<br \/>En el marco de las disposiciones legales aplicables, usted tiene derecho en todo momento a obtener informaci\u00f3n gratuita sobre sus datos personales almacenados, su origen y destinatario y la finalidad del tratamiento de los datos y, en su caso, el derecho de rectificaci\u00f3n o supresi\u00f3n de estos datos. Con este fin, as\u00ed como para otras cuestiones sobre el tema de los datos personales, puede ponerse en contacto conmigo en cualquier momento en la direcci\u00f3n indicada en el pie de imprenta.<\/p><p>Derecho a la limitaci\u00f3n del tratamiento<br \/>Tiene derecho a solicitar la limitaci\u00f3n del tratamiento de sus datos personales. Para ello, puede ponerse en contacto conmigo en cualquier momento en la direcci\u00f3n que figura en el pie de imprenta. El derecho a la restricci\u00f3n del tratamiento existe en los siguientes casos:<br \/><br \/>Si cuestiona la exactitud de sus datos personales almacenados por m\u00ed, normalmente necesito tiempo para comprobarlo. Mientras dure la verificaci\u00f3n, tiene derecho a solicitar la restricci\u00f3n del tratamiento de sus datos personales.<br \/><br \/>Si el tratamiento de sus datos personales se ha producido o se est\u00e1 produciendo de forma il\u00edcita, puede solicitar la limitaci\u00f3n del tratamiento de datos en lugar de su supresi\u00f3n.<br \/><br \/>Si ya no necesito sus datos personales, pero usted los necesita para ejercer, defender o hacer valer reclamaciones legales, tiene derecho a solicitar la limitaci\u00f3n del tratamiento de sus datos personales en lugar de su supresi\u00f3n.<br \/><br \/>Si ha presentado una objeci\u00f3n de conformidad con el art. 21 (1) DSGVO, se debe llevar a cabo una ponderaci\u00f3n de sus intereses y los m\u00edos. Mientras no se haya determinado qu\u00e9 intereses prevalecen, usted tiene derecho a exigir la restricci\u00f3n del tratamiento de sus datos personales.<br \/><br \/>Si ha restringido el tratamiento de sus datos personales, s\u00f3lo podr\u00e9 tratar estos datos -aparte de almacenarlos- con su consentimiento o para la formulaci\u00f3n, el ejercicio o la defensa de reclamaciones legales o para la protecci\u00f3n de los derechos de otra persona f\u00edsica o jur\u00eddica o por razones de inter\u00e9s p\u00fablico importante de la Uni\u00f3n Europea o de un Estado miembro.<\/p><\/div><\/div><\/section><section id=\"copyrights\" class=\"wrapper pt-16\"><div class=\"card\"><div class=\"card-body p-10\"><h2 class=\"mb-3\">4. Recogida de datos en este sitio web<\/h2><p>Cookies<br \/>Mi sitio web utiliza las denominadas &#8220;cookies&#8221;. Las cookies son peque\u00f1os archivos de texto y no causan ning\u00fan da\u00f1o a su dispositivo terminal. Se almacenan temporalmente durante una sesi\u00f3n (cookies de sesi\u00f3n) o permanentemente (cookies permanentes) en su dispositivo final. Las cookies de sesi\u00f3n se eliminan autom\u00e1ticamente al final de su visita. Las cookies permanentes permanecen almacenadas en su dispositivo final hasta que usted mismo las borra o hasta que su navegador las borra autom\u00e1ticamente.<br \/><br \/>En algunos casos, las cookies de terceras empresas tambi\u00e9n pueden almacenarse en su dispositivo terminal cuando entra en mi sitio (cookies de terceros). Esto me permite a m\u00ed o a usted utilizar determinados servicios de la empresa tercera (por ejemplo, cookies para procesar servicios de pago).<br \/><br \/>Las cookies tienen varias funciones. Muchas cookies son t\u00e9cnicamente necesarias, ya que determinadas funciones del sitio web no funcionar\u00edan sin ellas (por ejemplo, la funci\u00f3n de cesta de la compra o la visualizaci\u00f3n de v\u00eddeos). Otras cookies se utilizan para evaluar el comportamiento de los usuarios o mostrar publicidad.<br \/><br \/>Las cookies que son necesarias para llevar a cabo el proceso de comunicaci\u00f3n electr\u00f3nica (cookies necesarias) o para proporcionar ciertas funciones deseadas por usted (cookies funcionales, por ejemplo, para la funci\u00f3n de carrito de la compra) o para optimizar el sitio web (por ejemplo, cookies para medir la audiencia web) se almacenan sobre la base del Art. 6 (1) lit. f DSGVO, a menos que se especifique otra base legal. El operador del sitio web tiene un inter\u00e9s leg\u00edtimo en almacenar cookies para la prestaci\u00f3n t\u00e9cnicamente sin errores y optimizada de sus servicios. Si se ha solicitado el consentimiento para el almacenamiento de cookies, el almacenamiento de las cookies en cuesti\u00f3n se basa exclusivamente en este consentimiento (art. 6 p\u00e1rr. 1 lit. a DSGVO); el consentimiento puede revocarse en cualquier momento.<br \/><br \/>Puede configurar su navegador de modo que se le informe sobre la instalaci\u00f3n de cookies y s\u00f3lo permitir cookies en casos individuales, excluir la aceptaci\u00f3n de cookies para determinados casos o en general y activar la eliminaci\u00f3n autom\u00e1tica de cookies al cerrar el navegador. Si desactiva las cookies, la funcionalidad de este sitio web puede verse limitada.<br \/><br \/>Si las cookies son utilizadas por terceras empresas o con fines de an\u00e1lisis, le informar\u00e9 de ello por separado en el marco de esta declaraci\u00f3n de protecci\u00f3n de datos y, en caso necesario, solicitar\u00e9 su consentimiento.<br \/><br \/>Archivos de registro del servidor<br \/>El proveedor de las p\u00e1ginas recoge y almacena autom\u00e1ticamente informaci\u00f3n en los denominados archivos de registro del servidor, que su navegador nos transmite autom\u00e1ticamente. Estos son: Tipo de navegador y versi\u00f3n del navegador, sistema operativo utilizado, URL de referencia, nombre de host del ordenador que accede, hora de la solicitud al servidor.<br \/><br \/>Direcci\u00f3n IP<br \/>Estos datos no se fusionan con otras fuentes de datos.<br \/><br \/>La recopilaci\u00f3n de estos datos se basa en el art. 6, apdo. 1, letra f del DSGVO. El operador del sitio web tiene un inter\u00e9s leg\u00edtimo en la presentaci\u00f3n t\u00e9cnicamente libre de errores y la optimizaci\u00f3n de su sitio web &#8211; con este fin, los archivos de registro del servidor deben ser recogido.<\/p><p>Formulario de contacto<br \/>Si me env\u00eda consultas a trav\u00e9s del formulario de contacto, sus datos del formulario de consulta, incluidos los datos de contacto que haya facilitado all\u00ed, ser\u00e1n almacenados por nosotros con el fin de procesar la consulta y en caso de preguntas de seguimiento. No transmito estos datos sin su consentimiento.<br \/><br \/>El tratamiento de estos datos se basa en el art. 6 (1) lit. b DSGVO si su solicitud est\u00e1 relacionada con la ejecuci\u00f3n de un contrato o es necesaria para la aplicaci\u00f3n de medidas precontractuales. En todos los dem\u00e1s casos, el tratamiento se basa en mi inter\u00e9s leg\u00edtimo en la tramitaci\u00f3n eficaz de las consultas dirigidas a nosotros (art. 6, apdo. 1 lit. f DSGVO) o en su consentimiento (art. 6, apdo. 1 lit. a DSGVO) si as\u00ed se ha solicitado.<br \/><br \/>Los datos que introduzca en el formulario de contacto permanecer\u00e1n en mi poder hasta que me pida que los elimine, revoque su consentimiento para almacenarlos o deje de aplicarse el prop\u00f3sito para el que fueron almacenados (por ejemplo, una vez finalizada la tramitaci\u00f3n de su consulta). Las disposiciones legales obligatorias -en particular los periodos de conservaci\u00f3n- no se ven afectadas.<br \/><br \/>Consulta por correo electr\u00f3nico, tel\u00e9fono o fax<br \/>Si se pone en contacto conmigo por correo electr\u00f3nico, tel\u00e9fono o fax, su consulta, incluidos todos los datos personales resultantes (nombre, consulta), ser\u00e1 almacenada y procesada por m\u00ed con el fin de tramitar su solicitud. No transmitir\u00e9 estos datos sin su consentimiento.<br \/><br \/>El tratamiento de estos datos se basa en el art. 6 (1) lit. b DSGVO si su solicitud est\u00e1 relacionada con la ejecuci\u00f3n de un contrato o es necesaria para la aplicaci\u00f3n de medidas precontractuales. En todos los dem\u00e1s casos, el tratamiento se basa en mi inter\u00e9s leg\u00edtimo en la tramitaci\u00f3n eficaz de las consultas que se me dirigen (art. 6, apdo. 1 lit. f DSGVO) o en su consentimiento (art. 6, apdo. 1 lit. a DSGVO) si as\u00ed lo ha solicitado.<br \/><br \/>Los datos que me env\u00ede a trav\u00e9s de las solicitudes de contacto permanecer\u00e1n en mi poder hasta que me pida que los elimine, revoque su consentimiento para almacenarlos o deje de aplicarse la finalidad para la que se almacenaron (por ejemplo, una vez finalizada la tramitaci\u00f3n de su solicitud). Las disposiciones legales obligatorias, en particular los plazos legales de conservaci\u00f3n, no se ven afectadas.<\/p><\/div><\/div><\/section><section id=\"cookies\" class=\"wrapper pt-16\"><div class=\"card\"><div class=\"card-body p-10\"><h2 class=\"mb-3\">5. Redes sociales<\/h2><p>Social media plugins con Shariff<br \/>En este sitio web se utilizan plugins de redes sociales (por ejemplo, Facebook, LinkedIn).<br \/><br \/>Los plugins suelen reconocerse por los respectivos logotipos de las redes sociales. Para garantizar la protecci\u00f3n de datos en este sitio web, s\u00f3lo utilizo estos plugins junto con la soluci\u00f3n denominada &#8220;Shariff&#8221;. Esta aplicaci\u00f3n impide que los plugins integrados en este sitio web transmitan datos al proveedor correspondiente al entrar por primera vez en la p\u00e1gina.<br \/><br \/>S\u00f3lo cuando activa el plugin correspondiente haciendo clic en el bot\u00f3n asociado, se establece una conexi\u00f3n directa con el servidor del proveedor (consentimiento). En cuanto usted activa el plugin, el proveedor correspondiente recibe la informaci\u00f3n de que usted ha visitado este sitio web con su direcci\u00f3n IP.<br \/><br \/>Si al mismo tiempo ha iniciado sesi\u00f3n en su respectiva cuenta de redes sociales (por ejemplo, Facebook), el proveedor correspondiente puede asignar su visita a este sitio web a su cuenta de usuario.<br \/><br \/>La activaci\u00f3n del plugin constituye un consentimiento en el sentido del art. 6 p\u00e1rr. 1 lit. a DSGVO. Puede revocar este consentimiento en cualquier momento con efectos para el futuro.<\/p><\/div><\/div><\/section><section id=\"account-billing\" class=\"wrapper py-16\"><div class=\"card\"><div class=\"card-body p-10\"><h2 class=\"mb-3\">6. Plugins y herramientas<\/h2><p>Google reCAPTCHA<br \/>En este sitio web utilizo &#8220;Google reCAPTCHA&#8221; (en adelante, &#8220;reCAPTCHA&#8221;). El proveedor es Google Ireland Limited (&#8220;Google&#8221;), Gordon House, Barrow Street, Dubl\u00edn 4, Irlanda.<br \/><br \/>El objetivo de reCAPTCHA es comprobar si los datos introducidos en este sitio web (por ejemplo, en un formulario de contacto) han sido introducidos por una persona o por un programa automatizado. Para ello, reCAPTCHA analiza el comportamiento del visitante del sitio web en funci\u00f3n de diversas caracter\u00edsticas. Este an\u00e1lisis comienza autom\u00e1ticamente en cuanto el visitante del sitio web entra en \u00e9l. Para el an\u00e1lisis, reCAPTCHA eval\u00faa diversa informaci\u00f3n (por ejemplo, la direcci\u00f3n IP, el tiempo que pasa el visitante en el sitio web o los movimientos del rat\u00f3n realizados por el usuario). Los datos recogidos durante el an\u00e1lisis se env\u00edan a Google.<br \/><br \/>Los an\u00e1lisis reCAPTCHA se ejecutan completamente en segundo plano. No se informa a los visitantes del sitio web de que se est\u00e1 realizando un an\u00e1lisis.<br \/><br \/>El almacenamiento y el an\u00e1lisis de los datos se basan en el Art. 6 p\u00e1rrafo 1 lit. f DSGVO. El operador del sitio web tiene un inter\u00e9s leg\u00edtimo en proteger sus ofertas web del espionaje automatizado abusivo y del SPAM. Si se ha solicitado el correspondiente consentimiento, el tratamiento se lleva a cabo exclusivamente sobre la base del art. 6, apdo. 1 lit. a DSGVO; el consentimiento puede revocarse en cualquier momento.<br \/><br \/>Para obtener m\u00e1s informaci\u00f3n sobre Google reCAPTCHA, consulte la Pol\u00edtica de privacidad de Google y las Condiciones de uso de Google en los siguientes enlaces:<br \/><br \/>https:\/\/policies.google.com\/privacy?hl=de y<br \/><br \/>https:\/\/policies.google.com\/terms?hl=de.<\/p><p><strong>Fuente:<br \/>eRecht24 (adaptado)<\/strong><\/p><\/div><\/div><\/section>\t\t\t\t\t\t\t\t<\/div>\n\t\t\t\t<\/div>\n\t\t\t\t\t<\/div>\n\t\t<\/div>\n\t\t\t\t\t<\/div>\n\t\t<\/section>\n\t\t\t\t<\/div>\n\t\t","protected":false},"excerpt":{"rendered":"<p>Protecci\u00f3n de Datos 1. Protecci\u00f3n de datos Informaci\u00f3n generalLos siguientes avisos ofrecen una visi\u00f3n sencilla de lo que ocurre con sus datos personales cuando visita este sitio web. Los datos personales son aquellos que permiten identificarle personalmente. Si desea informaci\u00f3n m\u00e1s detallada sobre la protecci\u00f3n de datos, consulte mi pol\u00edtica de privacidad que figura debajo [&hellip;]<\/p>\n","protected":false},"author":1,"featured_media":0,"parent":0,"menu_order":0,"comment_status":"closed","ping_status":"closed","template":"elementor_header_footer","meta":{"footnotes":""},"class_list":["post-2858","page","type-page","status-publish","hentry"],"_links":{"self":[{"href":"https:\/\/elenasotres.eu\/es\/wp-json\/wp\/v2\/pages\/2858","targetHints":{"allow":["GET"]}}],"collection":[{"href":"https:\/\/elenasotres.eu\/es\/wp-json\/wp\/v2\/pages"}],"about":[{"href":"https:\/\/elenasotres.eu\/es\/wp-json\/wp\/v2\/types\/page"}],"author":[{"embeddable":true,"href":"https:\/\/elenasotres.eu\/es\/wp-json\/wp\/v2\/users\/1"}],"replies":[{"embeddable":true,"href":"https:\/\/elenasotres.eu\/es\/wp-json\/wp\/v2\/comments?post=2858"}],"version-history":[{"count":16,"href":"https:\/\/elenasotres.eu\/es\/wp-json\/wp\/v2\/pages\/2858\/revisions"}],"predecessor-version":[{"id":3327,"href":"https:\/\/elenasotres.eu\/es\/wp-json\/wp\/v2\/pages\/2858\/revisions\/3327"}],"wp:attachment":[{"href":"https:\/\/elenasotres.eu\/es\/wp-json\/wp\/v2\/media?parent=2858"}],"curies":[{"name":"wp","href":"https:\/\/api.w.org\/{rel}","templated":true}]}}